{"id":74,"date":"2020-10-21T23:38:35","date_gmt":"2020-10-21T21:38:35","guid":{"rendered":"https:\/\/betreuungsbuero-atalay.de\/?page_id=74"},"modified":"2020-11-23T21:04:23","modified_gmt":"2020-11-23T20:04:23","slug":"rechtliche-betreuung","status":"publish","type":"page","link":"https:\/\/betreuungsbuero-atalay.de\/?page_id=74","title":{"rendered":"Rechtliche Betreuung"},"content":{"rendered":"<p>[et_pb_section fb_built=&#8220;1&#8243; fullwidth=&#8220;on&#8220; _builder_version=&#8220;4.6.5&#8243; background_color=&#8220;#2ea3f22ea3f2&#8243; use_background_color_gradient=&#8220;on&#8220; background_color_gradient_start=&#8220;#2ea3f2&#8243; background_color_gradient_end=&#8220;#2e6df4&#8243; background_color_gradient_direction=&#8220;330deg&#8220; background_image=&#8220;https:\/\/betreuungsbuero-atalay.de\/wp-content\/uploads\/2020\/10\/9.jpg&#8220; custom_padding=&#8220;||1px|||&#8220;][et_pb_fullwidth_header content_max_width=&#8220;none&#8220; _builder_version=&#8220;4.6.5&#8243; title_level=&#8220;h2&#8243; title_font=&#8220;|800|||||||&#8220; title_text_color=&#8220;#ffffff&#8220; title_letter_spacing=&#8220;1px&#8220; background_color=&#8220;rgba(255, 255, 255, 0)&#8220; min_height=&#8220;259px&#8220; custom_margin=&#8220;||-3px|||&#8220; custom_padding=&#8220;||1px|||&#8220; title_text_shadow_style=&#8220;preset5&#8243; button_one_text_size__hover_enabled=&#8220;off&#8220; button_two_text_size__hover_enabled=&#8220;off&#8220; button_one_text_color__hover_enabled=&#8220;off&#8220; button_two_text_color__hover_enabled=&#8220;off&#8220; button_one_border_width__hover_enabled=&#8220;off&#8220; button_two_border_width__hover_enabled=&#8220;off&#8220; button_one_border_color__hover_enabled=&#8220;off&#8220; button_two_border_color__hover_enabled=&#8220;off&#8220; button_one_border_radius__hover_enabled=&#8220;off&#8220; button_two_border_radius__hover_enabled=&#8220;off&#8220; button_one_letter_spacing__hover_enabled=&#8220;off&#8220; button_two_letter_spacing__hover_enabled=&#8220;off&#8220; button_one_bg_color__hover_enabled=&#8220;off&#8220; button_two_bg_color__hover_enabled=&#8220;off&#8220;]<\/p>\n<h1>Betreuungsb\u00fcro<\/h1>\n<h2><\/h2>\n<h2><\/h2>\n<h2><\/h2>\n<h2><\/h2>\n<h2><\/h2>\n<h2><\/h2>\n<h2><span style=\"color: #333333;\">Hilal Atalay (Ass. Jur.)<\/span><\/h2>\n<p>[\/et_pb_fullwidth_header][\/et_pb_section][et_pb_section fb_built=&#8220;1&#8243; specialty=&#8220;on&#8220; _builder_version=&#8220;4.6.5&#8243; custom_margin=&#8220;-1px|||||&#8220;][et_pb_column type=&#8220;1_4&#8243; _builder_version=&#8220;3.25&#8243; custom_padding=&#8220;|||&#8220; custom_padding__hover=&#8220;|||&#8220;][et_pb_button button_url=&#8220;@ET-DC@eyJkeW5hbWljIjp0cnVlLCJjb250ZW50IjoicG9zdF9saW5rX3VybF9wYWdlIiwic2V0dGluZ3MiOnsicG9zdF9pZCI6IjgifX0=@&#8220; button_text=&#8220;Startseite&#8220; _builder_version=&#8220;4.6.5&#8243; _dynamic_attributes=&#8220;button_url&#8220; _module_preset=&#8220;default&#8220; custom_button=&#8220;on&#8220; button_text_size=&#8220;22px&#8220; button_text_color=&#8220;#000000&#8243; button_bg_enable_image=&#8220;off&#8220; button_border_width=&#8220;0px&#8220; button_border_color=&#8220;rgba(0,0,0,0)&#8220; button_border_radius=&#8220;17px&#8220; button_font=&#8220;|||||on|||&#8220; custom_margin=&#8220;||16px|||&#8220;][\/et_pb_button][et_pb_button button_url=&#8220;@ET-DC@eyJkeW5hbWljIjp0cnVlLCJjb250ZW50IjoicG9zdF9saW5rX3VybF9wYWdlIiwic2V0dGluZ3MiOnsicG9zdF9pZCI6IjIyIn19@&#8220; button_text=&#8220;Zur Person&#8220; _builder_version=&#8220;4.6.5&#8243; _dynamic_attributes=&#8220;button_url&#8220; _module_preset=&#8220;default&#8220; custom_button=&#8220;on&#8220; button_text_size=&#8220;22px&#8220; button_text_color=&#8220;#000000&#8243; button_bg_enable_image=&#8220;off&#8220; button_border_width=&#8220;0px&#8220; button_border_color=&#8220;rgba(0,0,0,0)&#8220; button_border_radius=&#8220;17px&#8220; button_font=&#8220;|||||on|||&#8220; custom_margin=&#8220;||16px|||&#8220;][\/et_pb_button][et_pb_button button_url=&#8220;@ET-DC@eyJkeW5hbWljIjp0cnVlLCJjb250ZW50IjoicG9zdF9saW5rX3VybF9wYWdlIiwic2V0dGluZ3MiOnsicG9zdF9pZCI6Ijc0In19@&#8220; button_text=&#8220;Rechtliche Betreuung&#8220; _builder_version=&#8220;4.6.5&#8243; _dynamic_attributes=&#8220;button_url&#8220; _module_preset=&#8220;default&#8220; custom_button=&#8220;on&#8220; button_text_size=&#8220;22px&#8220; button_text_color=&#8220;#000000&#8243; button_bg_enable_image=&#8220;off&#8220; button_border_width=&#8220;0px&#8220; button_border_color=&#8220;rgba(0,0,0,0)&#8220; button_border_radius=&#8220;17px&#8220; button_font=&#8220;|||||on|||&#8220; custom_margin=&#8220;||16px|||&#8220;][\/et_pb_button][et_pb_button button_url=&#8220;@ET-DC@eyJkeW5hbWljIjp0cnVlLCJjb250ZW50IjoicG9zdF9saW5rX3VybF9wYWdlIiwic2V0dGluZ3MiOnsicG9zdF9pZCI6IjEyOCJ9fQ==@&#8220; button_text=&#8220;Kooperations Partner&#8220; _builder_version=&#8220;4.6.5&#8243; _dynamic_attributes=&#8220;button_url&#8220; _module_preset=&#8220;default&#8220; custom_button=&#8220;on&#8220; button_text_size=&#8220;22px&#8220; button_text_color=&#8220;#000000&#8243; button_bg_enable_image=&#8220;off&#8220; button_border_width=&#8220;0px&#8220; button_border_color=&#8220;rgba(0,0,0,0)&#8220; button_border_radius=&#8220;17px&#8220; button_font=&#8220;|||||on|||&#8220; custom_margin=&#8220;||16px|||&#8220;][\/et_pb_button][et_pb_button button_url=&#8220;@ET-DC@eyJkeW5hbWljIjp0cnVlLCJjb250ZW50IjoicG9zdF9saW5rX3VybF9wYWdlIiwic2V0dGluZ3MiOnsicG9zdF9pZCI6IjEwMiJ9fQ==@&#8220; button_text=&#8220;Kontakt&#8220; _builder_version=&#8220;4.6.5&#8243; _dynamic_attributes=&#8220;button_url&#8220; _module_preset=&#8220;default&#8220; custom_button=&#8220;on&#8220; button_text_size=&#8220;22px&#8220; button_text_color=&#8220;#000000&#8243; button_bg_enable_image=&#8220;off&#8220; button_border_width=&#8220;0px&#8220; button_border_color=&#8220;rgba(0,0,0,0)&#8220; button_border_radius=&#8220;17px&#8220; button_font=&#8220;|||||on|||&#8220; custom_margin=&#8220;||16px|||&#8220;][\/et_pb_button][et_pb_button button_url=&#8220;@ET-DC@eyJkeW5hbWljIjp0cnVlLCJjb250ZW50IjoicG9zdF9saW5rX3VybF9wYWdlIiwic2V0dGluZ3MiOnsicG9zdF9pZCI6IjgyIn19@&#8220; button_text=&#8220;Impressum&#8220; _builder_version=&#8220;4.6.5&#8243; _dynamic_attributes=&#8220;button_url&#8220; _module_preset=&#8220;default&#8220; custom_button=&#8220;on&#8220; button_text_size=&#8220;22px&#8220; button_text_color=&#8220;#000000&#8243; button_bg_enable_image=&#8220;off&#8220; button_border_width=&#8220;0px&#8220; button_border_color=&#8220;rgba(0,0,0,0)&#8220; button_border_radius=&#8220;17px&#8220; button_font=&#8220;|||||on|||&#8220; custom_margin=&#8220;||16px|||&#8220;][\/et_pb_button][\/et_pb_column][et_pb_column type=&#8220;3_4&#8243; specialty_columns=&#8220;3&#8243; _builder_version=&#8220;3.25&#8243; custom_padding=&#8220;|||&#8220; custom_padding__hover=&#8220;|||&#8220;][et_pb_row_inner _builder_version=&#8220;3.25&#8243;][et_pb_column_inner saved_specialty_column_type=&#8220;3_4&#8243; _builder_version=&#8220;3.25&#8243; custom_padding=&#8220;|||&#8220; custom_padding__hover=&#8220;|||&#8220;][et_pb_text _builder_version=&#8220;4.6.5&#8243; background_size=&#8220;initial&#8220; background_position=&#8220;top_left&#8220; background_repeat=&#8220;repeat&#8220;]<\/p>\n<h1><span style=\"color: rgba(51, 51, 51, 0.94);\">Rechtliche Betreuung<\/span><\/h1>\n<p><span style=\"color: rgba(51, 51, 51, 0.94);\">\u00a0<\/span><\/p>\n<p class=\"p1\"><span style=\"font-size: medium; color: rgba(51, 51, 51, 0.94);\">Das Rechtsinstitut der rechtlichen Betreuung wurde in Deutschland durch das am 1. Januar 1992 in Kraft getretene Betreuungsgesetz geschaffen. Unter Betreuung wird die rechtliche Vertretung verstanden und nicht eine Sozial- oder Gesundheitsbetreuung. Die rechtliche Betreuung ist an die Stelle der fr\u00fcheren Vormundschaft \u00fcber Vollj\u00e4hrige und der Gebrechlichkeitspflegschaft getreten und geht \u00fcber sie deutlich hinaus. Sie ist im wesentlichen in den \u00a7\u00a7 1896ff. BGB geregelt.<\/span><\/p>\n<p class=\"p1\"><span style=\"font-size: medium; color: rgba(51, 51, 51, 0.94);\">Das gesetzgeberische Ziel der Reform war Betreuung statt Entm\u00fcndigung, um den Betroffenen Hilfe zu einem selbstbestimmten Leben zu leisten.<\/span><\/p>\n<p class=\"p1\"><span style=\"font-size: medium; color: rgba(51, 51, 51, 0.94);\">Kann ein Vollj\u00e4hriger auf Grund einer psychischen Krankheit oder einer k\u00f6rperlichen, geistigen oder seelischen Behinderung seine Angelegenheiten ganz oder teilweise nicht besorgen, so bestellt das Betreuungsgericht f\u00fcr ihn auf seinen Antrag oder von Amts wegen einen Betreuer.<\/span><\/p>\n<p class=\"p1\"><span style=\"font-size: medium; color: rgba(51, 51, 51, 0.94);\">Der Betreuer unterst\u00fctzt im Rahmen der durch das Betreuungsgericht festgelegten Aufgabenkreise den Betroffenen bei der Regelung seiner Angelegenheiten. Im Vordergrund steht jedoch immer der freie Wille des Betroffenen.<\/span><\/p>\n<p class=\"p1\"><span style=\"font-size: medium; color: rgba(51, 51, 51, 0.94);\">So wird die gesetzliche Betreuung nur f\u00fcr bestimmte Aufgabenkreise eingerichtet. Z.B. Gesundheitsf\u00fcrsorge, Verm\u00f6genssorge, Wohnungsangelegenheiten, Beh\u00f6rdenangelegenheiten, Aufenthaltsbestimmung etc. Der Betreuer darf nur im Rahmen dieser ihm vom Betreuungsgericht zugewiesenen Aufgabenkreise handeln.<\/span><\/p>\n<p class=\"p1\">\n<p class=\"p1\">\n<p>[\/et_pb_text][\/et_pb_column_inner][\/et_pb_row_inner][\/et_pb_column][\/et_pb_section]<\/p>\n","protected":false},"excerpt":{"rendered":"<p>[et_pb_section fb_built=&#8220;1&#8243; fullwidth=&#8220;on&#8220; _builder_version=&#8220;4.6.5&#8243; background_color=&#8220;#2ea3f22ea3f2&#8243; use_background_color_gradient=&#8220;on&#8220; background_color_gradient_start=&#8220;#2ea3f2&#8243; background_color_gradient_end=&#8220;#2e6df4&#8243; background_color_gradient_direction=&#8220;330deg&#8220; background_image=&#8220;https:\/\/betreuungsbuero-atalay.de\/wp-content\/uploads\/2020\/10\/9.jpg&#8220; custom_padding=&#8220;||1px|||&#8220;][et_pb_fullwidth_header content_max_width=&#8220;none&#8220; _builder_version=&#8220;4.6.5&#8243; title_level=&#8220;h2&#8243; title_font=&#8220;|800|||||||&#8220; title_text_color=&#8220;#ffffff&#8220; title_letter_spacing=&#8220;1px&#8220; background_color=&#8220;rgba(255, 255, 255, 0)&#8220; min_height=&#8220;259px&#8220; custom_margin=&#8220;||-3px|||&#8220; custom_padding=&#8220;||1px|||&#8220; title_text_shadow_style=&#8220;preset5&#8243; button_one_text_size__hover_enabled=&#8220;off&#8220; button_two_text_size__hover_enabled=&#8220;off&#8220; button_one_text_color__hover_enabled=&#8220;off&#8220; button_two_text_color__hover_enabled=&#8220;off&#8220; button_one_border_width__hover_enabled=&#8220;off&#8220; button_two_border_width__hover_enabled=&#8220;off&#8220; button_one_border_color__hover_enabled=&#8220;off&#8220; button_two_border_color__hover_enabled=&#8220;off&#8220; button_one_border_radius__hover_enabled=&#8220;off&#8220; button_two_border_radius__hover_enabled=&#8220;off&#8220; button_one_letter_spacing__hover_enabled=&#8220;off&#8220; button_two_letter_spacing__hover_enabled=&#8220;off&#8220; button_one_bg_color__hover_enabled=&#8220;off&#8220; button_two_bg_color__hover_enabled=&#8220;off&#8220;] Betreuungsb\u00fcro Hilal Atalay (Ass. Jur.) [\/et_pb_fullwidth_header][\/et_pb_section][et_pb_section fb_built=&#8220;1&#8243; specialty=&#8220;on&#8220; _builder_version=&#8220;4.6.5&#8243; custom_margin=&#8220;-1px|||||&#8220;][et_pb_column type=&#8220;1_4&#8243; _builder_version=&#8220;3.25&#8243; custom_padding=&#8220;|||&#8220; custom_padding__hover=&#8220;|||&#8220;][et_pb_button button_url=&#8220;@ET-DC@eyJkeW5hbWljIjp0cnVlLCJjb250ZW50IjoicG9zdF9saW5rX3VybF9wYWdlIiwic2V0dGluZ3MiOnsicG9zdF9pZCI6IjgifX0=@&#8220; button_text=&#8220;Startseite&#8220; [&hellip;]<\/p>\n","protected":false},"author":1,"featured_media":0,"parent":0,"menu_order":0,"comment_status":"closed","ping_status":"closed","template":"","meta":{"_et_pb_use_builder":"on","_et_pb_old_content":"","_et_gb_content_width":""},"_links":{"self":[{"href":"https:\/\/betreuungsbuero-atalay.de\/index.php?rest_route=\/wp\/v2\/pages\/74"}],"collection":[{"href":"https:\/\/betreuungsbuero-atalay.de\/index.php?rest_route=\/wp\/v2\/pages"}],"about":[{"href":"https:\/\/betreuungsbuero-atalay.de\/index.php?rest_route=\/wp\/v2\/types\/page"}],"author":[{"embeddable":true,"href":"https:\/\/betreuungsbuero-atalay.de\/index.php?rest_route=\/wp\/v2\/users\/1"}],"replies":[{"embeddable":true,"href":"https:\/\/betreuungsbuero-atalay.de\/index.php?rest_route=%2Fwp%2Fv2%2Fcomments&post=74"}],"version-history":[{"count":20,"href":"https:\/\/betreuungsbuero-atalay.de\/index.php?rest_route=\/wp\/v2\/pages\/74\/revisions"}],"predecessor-version":[{"id":433,"href":"https:\/\/betreuungsbuero-atalay.de\/index.php?rest_route=\/wp\/v2\/pages\/74\/revisions\/433"}],"wp:attachment":[{"href":"https:\/\/betreuungsbuero-atalay.de\/index.php?rest_route=%2Fwp%2Fv2%2Fmedia&parent=74"}],"curies":[{"name":"wp","href":"https:\/\/api.w.org\/{rel}","templated":true}]}}